{"id":797,"date":"2019-11-17T17:09:56","date_gmt":"2019-11-17T16:09:56","guid":{"rendered":"https:\/\/amsterdam-pass-moon-digital.com\/ticket-parc-guell\/"},"modified":"2026-04-08T23:07:39","modified_gmt":"2026-04-08T21:07:39","slug":"pass-amsterdam","status":"publish","type":"page","link":"https:\/\/amsterdam-pass-moon-digital.com\/pt-pt\/","title":{"rendered":"Pass Amsterdam"},"content":{"rendered":"","protected":false},"excerpt":{"rendered":"","protected":false},"author":3,"featured_media":2225,"parent":0,"menu_order":0,"comment_status":"closed","ping_status":"closed","template":"templates\/template-home.php","meta":{"_acf_changed":false,"footnotes":""},"class_list":["post-797","page","type-page","status-publish","has-post-thumbnail","hentry"],"acf":[],"yoast_head":"<!-- This site is optimized with the Yoast SEO plugin v27.4 - https:\/\/yoast.com\/product\/yoast-seo-wordpress\/ -->\n<title>\ud83c\uddf3\ud83c\uddf1 Passe Amsterd\u00e3 Oficial | Moon Pass para visitar Amsterd\u00e3<\/title>\n<meta name=\"description\" content=\"Descubra Amsterdam Pass Moon Digital, que inclui Museu Van Gogh ou Experi\u00eancia Rembrandt ou Museu Moco, um cruzeiro pelos canais...\" \/>\n<meta name=\"robots\" content=\"index, follow, max-snippet:-1, max-image-preview:large, max-video-preview:-1\" \/>\n<link rel=\"canonical\" href=\"https:\/\/amsterdam-pass-moon-digital.com\/pt-pt\/\" \/>\n<script type=\"application\/ld+json\" class=\"yoast-schema-graph\">{\"@context\":\"https:\\\/\\\/schema.org\",\"@graph\":[{\"@type\":\"WebPage\",\"@id\":\"https:\\\/\\\/amsterdam-pass-moon-digital.com\\\/pt-pt\\\/\",\"url\":\"https:\\\/\\\/amsterdam-pass-moon-digital.com\\\/pt-pt\\\/\",\"name\":\"\ud83c\uddf3\ud83c\uddf1 Passe Amsterd\u00e3 Oficial | Moon Pass para visitar Amsterd\u00e3\",\"isPartOf\":{\"@id\":\"https:\\\/\\\/amsterdam-pass-moon-digital.com\\\/#website\"},\"primaryImageOfPage\":{\"@id\":\"https:\\\/\\\/amsterdam-pass-moon-digital.com\\\/pt-pt\\\/#primaryimage\"},\"image\":{\"@id\":\"https:\\\/\\\/amsterdam-pass-moon-digital.com\\\/pt-pt\\\/#primaryimage\"},\"thumbnailUrl\":\"https:\\\/\\\/amsterdam-pass-moon-digital.com\\\/wp-content\\\/uploads\\\/2023\\\/10\\\/amsterdam-pass.jpg\",\"datePublished\":\"2019-11-17T16:09:56+00:00\",\"dateModified\":\"2026-04-08T21:07:39+00:00\",\"description\":\"Descubra Amsterdam Pass Moon Digital, que inclui Museu Van Gogh ou Experi\u00eancia Rembrandt ou Museu Moco, um cruzeiro pelos canais...\",\"breadcrumb\":{\"@id\":\"https:\\\/\\\/amsterdam-pass-moon-digital.com\\\/pt-pt\\\/#breadcrumb\"},\"inLanguage\":\"pt-PT\",\"potentialAction\":[{\"@type\":\"ReadAction\",\"target\":[\"https:\\\/\\\/amsterdam-pass-moon-digital.com\\\/pt-pt\\\/\"]}]},{\"@type\":\"ImageObject\",\"inLanguage\":\"pt-PT\",\"@id\":\"https:\\\/\\\/amsterdam-pass-moon-digital.com\\\/pt-pt\\\/#primaryimage\",\"url\":\"https:\\\/\\\/amsterdam-pass-moon-digital.com\\\/wp-content\\\/uploads\\\/2023\\\/10\\\/amsterdam-pass.jpg\",\"contentUrl\":\"https:\\\/\\\/amsterdam-pass-moon-digital.com\\\/wp-content\\\/uploads\\\/2023\\\/10\\\/amsterdam-pass.jpg\",\"width\":1976,\"height\":1207,\"caption\":\"Pass Amsterdam\"},{\"@type\":\"BreadcrumbList\",\"@id\":\"https:\\\/\\\/amsterdam-pass-moon-digital.com\\\/pt-pt\\\/#breadcrumb\",\"itemListElement\":[{\"@type\":\"ListItem\",\"position\":1,\"name\":\"Accueil\",\"item\":\"https:\\\/\\\/amsterdam-pass-moon-digital.com\\\/pt-pt\\\/\"},{\"@type\":\"ListItem\",\"position\":2,\"name\":\"Pass Amsterdam\"}]},{\"@type\":\"WebSite\",\"@id\":\"https:\\\/\\\/amsterdam-pass-moon-digital.com\\\/#website\",\"url\":\"https:\\\/\\\/amsterdam-pass-moon-digital.com\\\/\",\"name\":\"AMSTERDAM PASS\",\"description\":\"Passe digital para visitar Amsterdam\",\"publisher\":{\"@id\":\"https:\\\/\\\/amsterdam-pass-moon-digital.com\\\/#organization\"},\"potentialAction\":[{\"@type\":\"SearchAction\",\"target\":{\"@type\":\"EntryPoint\",\"urlTemplate\":\"https:\\\/\\\/amsterdam-pass-moon-digital.com\\\/?s={search_term_string}\"},\"query-input\":{\"@type\":\"PropertyValueSpecification\",\"valueRequired\":true,\"valueName\":\"search_term_string\"}}],\"inLanguage\":\"pt-PT\"},{\"@type\":\"Organization\",\"@id\":\"https:\\\/\\\/amsterdam-pass-moon-digital.com\\\/#organization\",\"name\":\"AMSTERDAM PASS\",\"url\":\"https:\\\/\\\/amsterdam-pass-moon-digital.com\\\/\",\"logo\":{\"@type\":\"ImageObject\",\"inLanguage\":\"pt-PT\",\"@id\":\"https:\\\/\\\/amsterdam-pass-moon-digital.com\\\/#\\\/schema\\\/logo\\\/image\\\/\",\"url\":\"https:\\\/\\\/amsterdam-pass-moon-digital.com\\\/wp-content\\\/uploads\\\/2024\\\/08\\\/cropped-amsterdam-pass-fav.png\",\"contentUrl\":\"https:\\\/\\\/amsterdam-pass-moon-digital.com\\\/wp-content\\\/uploads\\\/2024\\\/08\\\/cropped-amsterdam-pass-fav.png\",\"width\":512,\"height\":512,\"caption\":\"AMSTERDAM PASS\"},\"image\":{\"@id\":\"https:\\\/\\\/amsterdam-pass-moon-digital.com\\\/#\\\/schema\\\/logo\\\/image\\\/\"}}]}<\/script>\n<!-- \/ Yoast SEO plugin. -->","yoast_head_json":{"title":"\ud83c\uddf3\ud83c\uddf1 Passe Amsterd\u00e3 Oficial | Moon Pass para visitar Amsterd\u00e3","description":"Descubra Amsterdam Pass Moon Digital, que inclui Museu Van Gogh ou Experi\u00eancia Rembrandt ou Museu Moco, um cruzeiro pelos canais...","robots":{"index":"index","follow":"follow","max-snippet":"max-snippet:-1","max-image-preview":"max-image-preview:large","max-video-preview":"max-video-preview:-1"},"canonical":"https:\/\/amsterdam-pass-moon-digital.com\/pt-pt\/","schema":{"@context":"https:\/\/schema.org","@graph":[{"@type":"WebPage","@id":"https:\/\/amsterdam-pass-moon-digital.com\/pt-pt\/","url":"https:\/\/amsterdam-pass-moon-digital.com\/pt-pt\/","name":"\ud83c\uddf3\ud83c\uddf1 Passe Amsterd\u00e3 Oficial | Moon Pass para visitar Amsterd\u00e3","isPartOf":{"@id":"https:\/\/amsterdam-pass-moon-digital.com\/#website"},"primaryImageOfPage":{"@id":"https:\/\/amsterdam-pass-moon-digital.com\/pt-pt\/#primaryimage"},"image":{"@id":"https:\/\/amsterdam-pass-moon-digital.com\/pt-pt\/#primaryimage"},"thumbnailUrl":"https:\/\/amsterdam-pass-moon-digital.com\/wp-content\/uploads\/2023\/10\/amsterdam-pass.jpg","datePublished":"2019-11-17T16:09:56+00:00","dateModified":"2026-04-08T21:07:39+00:00","description":"Descubra Amsterdam Pass Moon Digital, que inclui Museu Van Gogh ou Experi\u00eancia Rembrandt ou Museu Moco, um cruzeiro pelos canais...","breadcrumb":{"@id":"https:\/\/amsterdam-pass-moon-digital.com\/pt-pt\/#breadcrumb"},"inLanguage":"pt-PT","potentialAction":[{"@type":"ReadAction","target":["https:\/\/amsterdam-pass-moon-digital.com\/pt-pt\/"]}]},{"@type":"ImageObject","inLanguage":"pt-PT","@id":"https:\/\/amsterdam-pass-moon-digital.com\/pt-pt\/#primaryimage","url":"https:\/\/amsterdam-pass-moon-digital.com\/wp-content\/uploads\/2023\/10\/amsterdam-pass.jpg","contentUrl":"https:\/\/amsterdam-pass-moon-digital.com\/wp-content\/uploads\/2023\/10\/amsterdam-pass.jpg","width":1976,"height":1207,"caption":"Pass Amsterdam"},{"@type":"BreadcrumbList","@id":"https:\/\/amsterdam-pass-moon-digital.com\/pt-pt\/#breadcrumb","itemListElement":[{"@type":"ListItem","position":1,"name":"Accueil","item":"https:\/\/amsterdam-pass-moon-digital.com\/pt-pt\/"},{"@type":"ListItem","position":2,"name":"Pass Amsterdam"}]},{"@type":"WebSite","@id":"https:\/\/amsterdam-pass-moon-digital.com\/#website","url":"https:\/\/amsterdam-pass-moon-digital.com\/","name":"AMSTERDAM PASS","description":"Passe digital para visitar Amsterdam","publisher":{"@id":"https:\/\/amsterdam-pass-moon-digital.com\/#organization"},"potentialAction":[{"@type":"SearchAction","target":{"@type":"EntryPoint","urlTemplate":"https:\/\/amsterdam-pass-moon-digital.com\/?s={search_term_string}"},"query-input":{"@type":"PropertyValueSpecification","valueRequired":true,"valueName":"search_term_string"}}],"inLanguage":"pt-PT"},{"@type":"Organization","@id":"https:\/\/amsterdam-pass-moon-digital.com\/#organization","name":"AMSTERDAM PASS","url":"https:\/\/amsterdam-pass-moon-digital.com\/","logo":{"@type":"ImageObject","inLanguage":"pt-PT","@id":"https:\/\/amsterdam-pass-moon-digital.com\/#\/schema\/logo\/image\/","url":"https:\/\/amsterdam-pass-moon-digital.com\/wp-content\/uploads\/2024\/08\/cropped-amsterdam-pass-fav.png","contentUrl":"https:\/\/amsterdam-pass-moon-digital.com\/wp-content\/uploads\/2024\/08\/cropped-amsterdam-pass-fav.png","width":512,"height":512,"caption":"AMSTERDAM PASS"},"image":{"@id":"https:\/\/amsterdam-pass-moon-digital.com\/#\/schema\/logo\/image\/"}}]}},"_links":{"self":[{"href":"https:\/\/amsterdam-pass-moon-digital.com\/pt-pt\/wp-json\/wp\/v2\/pages\/797","targetHints":{"allow":["GET"]}}],"collection":[{"href":"https:\/\/amsterdam-pass-moon-digital.com\/pt-pt\/wp-json\/wp\/v2\/pages"}],"about":[{"href":"https:\/\/amsterdam-pass-moon-digital.com\/pt-pt\/wp-json\/wp\/v2\/types\/page"}],"author":[{"embeddable":true,"href":"https:\/\/amsterdam-pass-moon-digital.com\/pt-pt\/wp-json\/wp\/v2\/users\/3"}],"replies":[{"embeddable":true,"href":"https:\/\/amsterdam-pass-moon-digital.com\/pt-pt\/wp-json\/wp\/v2\/comments?post=797"}],"version-history":[{"count":123,"href":"https:\/\/amsterdam-pass-moon-digital.com\/pt-pt\/wp-json\/wp\/v2\/pages\/797\/revisions"}],"predecessor-version":[{"id":4633,"href":"https:\/\/amsterdam-pass-moon-digital.com\/pt-pt\/wp-json\/wp\/v2\/pages\/797\/revisions\/4633"}],"wp:featuredmedia":[{"embeddable":true,"href":"https:\/\/amsterdam-pass-moon-digital.com\/pt-pt\/wp-json\/wp\/v2\/media\/2225"}],"wp:attachment":[{"href":"https:\/\/amsterdam-pass-moon-digital.com\/pt-pt\/wp-json\/wp\/v2\/media?parent=797"}],"curies":[{"name":"wp","href":"https:\/\/api.w.org\/{rel}","templated":true}]}}